{"id":158,"date":"2019-02-06T09:23:40","date_gmt":"2019-02-06T09:23:40","guid":{"rendered":"http:\/\/nispero.com\/?page_id=158"},"modified":"2020-11-11T14:01:26","modified_gmt":"2020-11-11T14:01:26","slug":"autentico-origen","status":"publish","type":"page","link":"http:\/\/nispero.com\/ca\/autentico-origen\/","title":{"rendered":"Aut\u00e8ntic Origen"},"content":{"rendered":"<div class=\"vce-row-container\"><div class=\"vce-row vce-element--has-background vce-row--col-gap-30 vce-row-full-height vce-row-equal-height vce-row-columns--middle vce-row-content--middle\" data-vce-full-width=\"true\" id=\"el-02dabb9e\" data-vce-do-apply=\"all el-02dabb9e\"><div class=\"vce-content-background-container\"><\/div><div class=\"vce-row-content\" data-vce-element-content=\"true\" style=\"padding-left: 12.5px; padding-right: 12.5px;\"><div class=\"vce-col vce-col--md-50p vce-col--xs-1 vce-col--xs-last vce-col--xs-first vce-col--sm-last vce-col--sm-first vce-col--md-first vce-col--lg-first vce-col--xl-first\" id=\"el-d6269e77\"><div class=\"vce-col-inner\" data-vce-do-apply=\"border margin background  el-d6269e77\"><div class=\"vce-col-content\" data-vce-element-content=\"true\" data-vce-do-apply=\"padding el-d6269e77\"><div class=\"vce-row-container\"><div class=\"vce-row vce-row--col-gap-30 vce-row-columns--top vce-row-content--top\" id=\"el-9c8a2e16\" data-vce-do-apply=\"all el-9c8a2e16\"><div class=\"vce-row-content\" data-vce-element-content=\"true\"><div class=\"vce-col vce-col--md-100p vce-col--xs-1 vce-col--xs-last vce-col--xs-first vce-col--sm-last vce-col--sm-first vce-col--md-last vce-col--lg-last vce-col--xl-last vce-col--md-first vce-col--lg-first vce-col--xl-first\" id=\"el-4cf38bb3\"><div class=\"vce-col-inner\" data-vce-do-apply=\"border margin background  el-4cf38bb3\"><div class=\"vce-col-content\" data-vce-element-content=\"true\" data-vce-do-apply=\"padding el-4cf38bb3\"><div class=\"vce-row-container\"><div class=\"vce-row vce-row--col-gap-30 vce-row-columns--top vce-row-content--top\" id=\"el-6bbfa9a5\" data-vce-do-apply=\"all el-6bbfa9a5\"><div class=\"vce-row-content\" data-vce-element-content=\"true\"><div class=\"vce-col vce-col--md-100p vce-col--xs-1 vce-col--xs-last vce-col--xs-first vce-col--sm-last vce-col--sm-first vce-col--md-last vce-col--lg-last vce-col--xl-last vce-col--md-first vce-col--lg-first vce-col--xl-first\" id=\"el-6d1f98f6\"><div class=\"vce-col-inner\" data-vce-do-apply=\"border margin background  el-6d1f98f6\"><div class=\"vce-col-content\" data-vce-element-content=\"true\" data-vce-do-apply=\"padding el-6d1f98f6\"><div class=\"vce-single-image-container vce-single-image--align-center\"><div class=\"vce vce-single-image-wrapper\" id=\"el-5ff318b2\" data-vce-do-apply=\"all el-5ff318b2\"><figure><div class=\"vce-single-image-inner vce-single-image--absolute\" style=\"padding-bottom: 88.1266%; width: 379px;\"><img class=\"vce-single-image\" src=\"http:\/\/nispero.com\/wp-content\/uploads\/2019\/10\/mapa-europa.png\" data-img-src=\"http:\/\/nispero.com\/wp-content\/uploads\/2019\/10\/mapa-europa.png\" alt=\"\" title=\"mapa-europa\"><\/div><figcaption hidden=\"\"><\/figcaption><\/figure><\/div><\/div><\/div><\/div><\/div><\/div><\/div><\/div><\/div><\/div><\/div><\/div><\/div><\/div><\/div><\/div><\/div><div class=\"vce-col vce-col--md-50p vce-col--xs-1 vce-col--xs-last vce-col--xs-first vce-col--sm-last vce-col--sm-first vce-col--md-last vce-col--lg-last vce-col--xl-last\" id=\"el-3b0fb0de\"><div class=\"vce-col-inner\" data-vce-do-apply=\"border margin background  el-3b0fb0de\"><div class=\"vce-col-content\" data-vce-element-content=\"true\" data-vce-do-apply=\"padding el-3b0fb0de\"><div class=\"vce-google-fonts-heading vce-google-fonts-heading--align-left vce-google-fonts-heading--color-b-49-50-55--45--5C00FF--FF7200 vce-google-fonts-heading--font-family-Montserrat\"><div class=\"vce-google-fonts-heading-wrapper\"><div class=\"vce-google-fonts-heading--background vce\" id=\"el-20b1c65c\" data-vce-do-apply=\"border background  padding margin el-20b1c65c\"><h1 class=\"vce-google-fonts-heading-inner\" style=\"font-size: 60px; font-weight: 700;\">AUT\u00c8NTIC ORIGEN.<\/h1><\/div><\/div><\/div><div class=\"vce-google-fonts-heading vce-google-fonts-heading--align-left vce-google-fonts-heading--color-b-49-50-55--45--5C00FF--FF7200 vce-google-fonts-heading--font-family-Montserrat\"><div class=\"vce-google-fonts-heading-wrapper\"><div class=\"vce-google-fonts-heading--background vce\" id=\"el-a01bef62\" data-vce-do-apply=\"border background  padding margin el-a01bef62\"><p class=\"vce-google-fonts-heading-inner\" style=\"font-size: 25px; font-weight: 400;\">El nyespro, originari de la Xina i el Jap\u00f3, va trobar en la conca mediterr\u00e0nia la millor aclimataci\u00f3 per la bondat del seu clima, concretament en la zona de Callosa d'en Sarri\u00e0 i Altea situat a la Comarca de la Marina Baixa (Alacant, Espanya).<\/p><\/div><\/div><\/div><\/div><\/div><\/div><\/div><\/div><\/div><div class=\"vce-row-container\" id=\"propiedades\"><div class=\"vce-row vce-row--col-gap-30 vce-row-columns--top vce-row-content--top\" id=\"el-121e0d66\" data-vce-do-apply=\"all el-121e0d66\"><div class=\"vce-content-background-container\"><\/div><div class=\"vce-row-content\" data-vce-element-content=\"true\"><div class=\"vce-col vce-col--md-auto vce-col--xs-1 vce-col--xs-last vce-col--xs-first vce-col--sm-last vce-col--sm-first vce-col--md-last vce-col--lg-last vce-col--xl-last vce-col--md-first vce-col--lg-first vce-col--xl-first\" id=\"el-0fe279b0\"><div class=\"vce-col-inner\" data-vce-do-apply=\"border margin background  el-0fe279b0\"><div class=\"vce-col-content\" data-vce-element-content=\"true\" data-vce-do-apply=\"padding el-0fe279b0\"><div class=\"vce-google-fonts-heading vce-google-fonts-heading--align-center vce-google-fonts-heading--color-empty--45--5C00FF--FF7200 vce-google-fonts-heading--font-family-Montserrat\"><div class=\"vce-google-fonts-heading-wrapper\"><div class=\"vce-google-fonts-heading--background vce\" id=\"el-70877f6b\" data-vce-do-apply=\"border background  padding margin el-70877f6b\"><h2 class=\"vce-google-fonts-heading-inner\" style=\"font-size: 50px; font-weight: 700;\">COM AL MEDITERRANI EN CAP LLOC<\/h2><\/div><\/div><\/div><div class=\"vce-text-block\"><div class=\"vce-text-block-wrapper vce\" id=\"el-4774410c\" data-vce-do-apply=\"all el-4774410c\"><p>El nyespro, encara que originari de la Xina va ser al Jap\u00f3 on va comen\u00e7ar a conrear-se i d'aqu\u00ed el seu nom cient\u00edfic <em>Eryobotria jap\u00f3nica<\/em>. Va ser introdu\u00eft a Espanya per marins mercants en la zona sud-est de la Pen\u00ednsula, trobant a la comarca de la Marina Baixa el millor h\u00e0bitat per a la seva propagaci\u00f3 i desenvolupament degut a la bondat del seu clima i m\u00e9s concretament a Callosa d'en Sarri\u00e0, on les nespres gaudeixen de&nbsp;<strong>Denominaci\u00f3 d'Origen.<\/strong>.<\/p><\/div><\/div><\/div><\/div><\/div><\/div><\/div><\/div><div class=\"vce-row-container\"><div class=\"vce-row vce-row--col-gap-30 vce-row-columns--top vce-row-content--top\" id=\"el-7cbd1786\" data-vce-do-apply=\"all el-7cbd1786\"><div class=\"vce-content-background-container\"><\/div><div class=\"vce-row-content\" data-vce-element-content=\"true\"><div class=\"vce-col vce-col--md-25p vce-col--xs-1 vce-col--xs-last vce-col--xs-first vce-col--sm-last vce-col--sm-first vce-col--md-first vce-col--lg-first vce-col--xl-first\" id=\"el-d4318a9e\"><div class=\"vce-col-inner\" data-vce-do-apply=\"border margin background  el-d4318a9e\"><div class=\"vce-col-content\" data-vce-element-content=\"true\" data-vce-do-apply=\"padding el-d4318a9e\"><section class=\"vce-feature vce-feature--alignment--center\"><div class=\"vce vce-feature--wrap-row\" id=\"el-35296e44\" data-vce-do-apply=\"all el-35296e44\"><div class=\"vce-features vce-features--style-filled-circle vce-features--align-center vce-features--size-small vce-icon--style--icon-color-fff vce-icon--style--shape-color-b-255-194-17\"><div id=\"el-c82f6b13\" class=\"vce vce-features-icon-wrapper\" data-vce-do-apply=\"all el-c82f6b13\"><div class=\"vce-features--icon vce-icon\"><svg xmlns=\"https:\/\/www.w3.org\/2000\/svg\" viewbox=\"0 0 769 769\"><path stroke-width=\"25\" d=\"M565.755 696.27h-360l-180-311.77 180-311.77h360l180 311.77z\"><\/path><\/svg><span class=\"vce-icon-container fas fa-sun\"><\/span><\/div><\/div><\/div><h3>TEMPERATURES SUAUS<\/h3><\/div><\/section><\/div><\/div><\/div><div class=\"vce-col vce-col--md-25p vce-col--xs-1 vce-col--xs-last vce-col--xs-first vce-col--sm-last vce-col--sm-first\" id=\"el-4edfcc8d\"><div class=\"vce-col-inner\" data-vce-do-apply=\"border margin background  el-4edfcc8d\"><div class=\"vce-col-content\" data-vce-element-content=\"true\" data-vce-do-apply=\"padding el-4edfcc8d\"><section class=\"vce-feature vce-feature--alignment--center\"><div class=\"vce vce-feature--wrap-row\" id=\"el-7803dd41\" data-vce-do-apply=\"all el-7803dd41\"><div class=\"vce-features vce-features--style-filled-circle vce-features--align-center vce-features--size-small vce-icon--style--icon-color-fff vce-icon--style--shape-color-b-255-194-17\"><div id=\"el-c82f6b13\" class=\"vce vce-features-icon-wrapper\" data-vce-do-apply=\"all el-c82f6b13\"><div class=\"vce-features--icon vce-icon\"><svg xmlns=\"https:\/\/www.w3.org\/2000\/svg\" viewbox=\"0 0 769 769\"><path stroke-width=\"25\" d=\"M565.755 696.27h-360l-180-311.77 180-311.77h360l180 311.77z\"><\/path><\/svg><span class=\"vce-icon-container fas fa-leaf\"><\/span><\/div><\/div><\/div><h3>S\u00d2LS CALCARIS<\/h3><\/div><\/section><\/div><\/div><\/div><div class=\"vce-col vce-col--md-25p vce-col--xs-1 vce-col--xs-last vce-col--xs-first vce-col--sm-last vce-col--sm-first\" id=\"el-97dbbdfb\"><div class=\"vce-col-inner\" data-vce-do-apply=\"border margin background  el-97dbbdfb\"><div class=\"vce-col-content\" data-vce-element-content=\"true\" data-vce-do-apply=\"padding el-97dbbdfb\"><section class=\"vce-feature vce-feature--alignment--center\"><div class=\"vce vce-feature--wrap-row\" id=\"el-703406f8\" data-vce-do-apply=\"all el-703406f8\"><div class=\"vce-features vce-features--style-filled-circle vce-features--align-center vce-features--size-small vce-icon--style--icon-color-fff vce-icon--style--shape-color-b-255-194-17\"><div id=\"el-c82f6b13\" class=\"vce vce-features-icon-wrapper\" data-vce-do-apply=\"all el-c82f6b13\"><div class=\"vce-features--icon vce-icon\"><svg xmlns=\"https:\/\/www.w3.org\/2000\/svg\" viewbox=\"0 0 769 769\"><path stroke-width=\"25\" d=\"M565.755 696.27h-360l-180-311.77 180-311.77h360l180 311.77z\"><\/path><\/svg><span class=\"vce-icon-container fas fa-mountain\"><\/span><\/div><\/div><\/div><h3>AIG\u00dcES PROCEDENTS DE DEUS NATURALS<\/h3><p>&nbsp;<\/p><\/div><\/section><\/div><\/div><\/div><div class=\"vce-col vce-col--md-25p vce-col--xs-1 vce-col--xs-last vce-col--xs-first vce-col--sm-last vce-col--sm-first vce-col--md-last vce-col--lg-last vce-col--xl-last\" id=\"el-da6f3597\"><div class=\"vce-col-inner\" data-vce-do-apply=\"border margin background  el-da6f3597\"><div class=\"vce-col-content\" data-vce-element-content=\"true\" data-vce-do-apply=\"padding el-da6f3597\"><section class=\"vce-feature vce-feature--alignment--center\"><div class=\"vce vce-feature--wrap-row\" id=\"el-0c7ee51f\" data-vce-do-apply=\"all el-0c7ee51f\"><div class=\"vce-features vce-features--style-filled-circle vce-features--align-center vce-features--size-small vce-icon--style--icon-color-fff vce-icon--style--shape-color-b-255-194-17\"><div id=\"el-c82f6b13\" class=\"vce vce-features-icon-wrapper\" data-vce-do-apply=\"all el-c82f6b13\"><div class=\"vce-features--icon vce-icon\"><svg xmlns=\"https:\/\/www.w3.org\/2000\/svg\" viewbox=\"0 0 769 769\"><path stroke-width=\"25\" d=\"M565.755 696.27h-360l-180-311.77 180-311.77h360l180 311.77z\"><\/path><\/svg><span class=\"vce-icon-container fas fa-temperature-high\"><\/span><\/div><\/div><\/div><h3>CLIMA SUBTROPICAL<\/h3><p>&nbsp;<\/p><\/div><\/section><\/div><\/div><\/div><\/div><\/div><\/div><div class=\"vce-row-container\"><div class=\"vce-row vce-element--has-background vce-row--col-gap-30 vce-row-full-height vce-row-equal-height vce-row-columns--middle vce-row-content--middle\" data-vce-full-width=\"true\" id=\"el-75f2e8a3\" data-vce-do-apply=\"all el-75f2e8a3\"><div class=\"vce-content-background-container\"><div class=\"vce-asset-background-simple-container vce-visible-all-only vce-asset-background-simple--style-cover vce-asset-background-simple--position-center-top\"><div class=\"vce-asset-background-simple\"><div class=\"vce-asset-background-simple-item\" style=\"background-image: url('http:\/\/nispero.com\/wp-content\/uploads\/2019\/02\/mediterraneo.jpg');\"><\/div><div class=\"vce-asset-background-simple-item\" style=\"background-image: url('http:\/\/nispero.com\/wp-content\/uploads\/2019\/03\/IMG_4384.jpg');\"><\/div><\/div><\/div><\/div><div class=\"vce-row-content\" data-vce-element-content=\"true\" style=\"padding-left: 12.5px; padding-right: 12.5px;\"><div class=\"vce-col vce-col--md-100p vce-col--xs-1 vce-col--xs-last vce-col--xs-first vce-col--sm-last vce-col--sm-first vce-col--md-last vce-col--lg-last vce-col--xl-last vce-col--md-first vce-col--lg-first vce-col--xl-first\" id=\"el-c52bca05\"><div class=\"vce-col-inner\" data-vce-do-apply=\"border margin background  el-c52bca05\"><div class=\"vce-col-content\" data-vce-element-content=\"true\" data-vce-do-apply=\"padding el-c52bca05\"><\/div><\/div><\/div><\/div><\/div><\/div><div class=\"vce-row-container\"><div class=\"vce-row vce-row--col-gap-30 vce-row-columns--top vce-row-content--top\" id=\"el-99d2e160\" data-vce-do-apply=\"all el-99d2e160\"><div class=\"vce-content-background-container\"><\/div><div class=\"vce-row-content\" data-vce-element-content=\"true\"><div class=\"vce-col vce-col--md-auto vce-col--xs-1 vce-col--xs-last vce-col--xs-first vce-col--sm-last vce-col--sm-first vce-col--md-last vce-col--lg-last vce-col--xl-last vce-col--md-first vce-col--lg-first vce-col--xl-first\" id=\"el-3fb0947b\"><div class=\"vce-col-inner\" data-vce-do-apply=\"border margin background  el-3fb0947b\"><div class=\"vce-col-content\" data-vce-element-content=\"true\" data-vce-do-apply=\"padding el-3fb0947b\"><div class=\"vce-google-fonts-heading vce-google-fonts-heading--align-center vce-google-fonts-heading--color-empty--45--5C00FF--FF7200 vce-google-fonts-heading--font-family-Montserrat\"><div class=\"vce-google-fonts-heading-wrapper\"><div class=\"vce-google-fonts-heading--background vce\" id=\"el-a0bb1387\" data-vce-do-apply=\"border background  padding margin el-a0bb1387\"><h2 class=\"vce-google-fonts-heading-inner\" style=\"font-size: 50px; font-weight: 700;\">UN LLOC PRIVILEGIAT<\/h2><\/div><\/div><\/div><div class=\"vce-text-block\"><div class=\"vce-text-block-wrapper vce\" id=\"el-edcde471\" data-vce-do-apply=\"all el-edcde471\"><p>Callosa d\u2019en Sarria com a principal municipi del cultiu i producci\u00f3 de nespres est\u00e0 situat a la prov\u00edncia d'Alacant, situat en la part nord de la Comarca de la Marina Baixa, a 10 km de la costa i a 40 km de la ciutat d'Alacant. El relleu del terme ve marcat pels rius que el travessen, el riu Algar i el Guadalest. Envoltat per les serres d'Aitana, Bernia i Xort\u00e1 que ho protegeixen dels vents del nord. \u00c9s un oasi de verdor i aig\u00fces netes on pots trobar platja i muntanya sense haver de rec\u00f3rrer massa quil\u00f2metres.<\/p><\/div><\/div><div class=\"vce-google-fonts-heading vce-google-fonts-heading--align-center vce-google-fonts-heading--color-b-255-194-17--45--5C00FF--FF7200 vce-google-fonts-heading--font-family-Montserrat\"><div class=\"vce-google-fonts-heading-wrapper\"><div class=\"vce-google-fonts-heading--background vce\" id=\"el-bf8d4402\" data-vce-do-apply=\"border background  padding margin el-bf8d4402\"><p class=\"vce-google-fonts-heading-inner\" style=\"font-size: 40px; font-weight: 700;\">VISITA'NS!<\/p><\/div><\/div><\/div><div class=\"vce-row-container\"><div class=\"vce-row vce-row--col-gap-30 vce-row-columns--top vce-row-content--top\" id=\"el-3ad7ec11\" data-vce-do-apply=\"all el-3ad7ec11\"><div class=\"vce-row-content\" data-vce-element-content=\"true\"><div class=\"vce-col vce-col--md-100p vce-col--xs-1 vce-col--xs-last vce-col--xs-first vce-col--sm-last vce-col--sm-first vce-col--md-last vce-col--lg-last vce-col--xl-last vce-col--md-first vce-col--lg-first vce-col--xl-first\" id=\"el-39e2a139\"><div class=\"vce-col-inner\" data-vce-do-apply=\"border margin background  el-39e2a139\"><div class=\"vce-col-content\" data-vce-element-content=\"true\" data-vce-do-apply=\"padding el-39e2a139\"><\/div><\/div><\/div><\/div><\/div><\/div><\/div><\/div><\/div><\/div><\/div><\/div><div class=\"vce-row-container\"><div class=\"vce-row vce-element--has-background vce-row--col-gap-30 vce-row-full-height vce-row-equal-height vce-row-columns--middle vce-row-content--middle\" data-vce-full-width=\"true\" id=\"el-97d46bf2\" data-vce-do-apply=\"all el-97d46bf2\"><div class=\"vce-content-background-container\"><\/div><div class=\"vce-row-content\" data-vce-element-content=\"true\" style=\"padding-left: 12.5px; padding-right: 12.5px;\"><div class=\"vce-col vce-col--md-100p vce-col--xs-1 vce-col--xs-last vce-col--xs-first vce-col--sm-last vce-col--sm-first vce-col--md-last vce-col--lg-last vce-col--xl-last vce-col--md-first vce-col--lg-first vce-col--xl-first\" id=\"el-4ed71877\"><div class=\"vce-col-inner\" data-vce-do-apply=\"border margin background  el-4ed71877\"><div class=\"vce-col-content\" data-vce-element-content=\"true\" data-vce-do-apply=\"padding el-4ed71877\"><div class=\"vce-google-fonts-heading vce-google-fonts-heading--align-center vce-google-fonts-heading--color-empty--45--5C00FF--FF7200 vce-google-fonts-heading--font-family-Montserrat\"><div class=\"vce-google-fonts-heading-wrapper\"><div class=\"vce-google-fonts-heading--background vce\" id=\"el-98f6a2ec\" data-vce-do-apply=\"border background  padding margin el-98f6a2ec\"><h2 class=\"vce-google-fonts-heading-inner\" style=\"font-size: 50px; font-weight: 700;\">MUNICIPIS EMPARATS<\/h2><\/div><\/div><\/div><div class=\"vce-text-block\"><div class=\"vce-text-block-wrapper vce\" id=\"el-266700e1\" data-vce-do-apply=\"all el-266700e1\"><p style=\"text-align: center;\">S\u00f3n 19 els municipis alacantins que estan emparats sota l'\u00e0mbit d'aquesta Denominaci\u00f3 d'Origen:<\/p><\/div><\/div><div class=\"vce-google-fonts-heading vce-google-fonts-heading--align-left vce-google-fonts-heading--color-b-255-247-162--45--5C00FF--FF7200 vce-google-fonts-heading--font-family-Montserrat\"><div class=\"vce-google-fonts-heading-wrapper\"><div class=\"vce-google-fonts-heading--background vce\" id=\"el-6de4d9df\" data-vce-do-apply=\"border background  padding margin el-6de4d9df\"><h1 class=\"vce-google-fonts-heading-inner\" style=\"font-size: 60px; font-weight: 700;\">Callosa d\u2019en Sarri\u00e0, Altea, Bolulla, Polop, La Nucia, T\u00e1rbena, Guadalest, Benimantell, Beniard\u00e0, Confrides, Benifato, Alfaz del Pi, Villajoyosa, Benidorm, Finestrat, Relleu, Sella, Orcheta y Aig\u00fces de Bussot<\/h1><\/div><\/div><\/div><\/div><\/div><\/div><\/div><\/div><\/div>","protected":false},"excerpt":{"rendered":"<p>AUT\u00c9NTICO ORIGEN.El&#8230;<\/p>","protected":false},"author":1,"featured_media":0,"parent":0,"menu_order":0,"comment_status":"closed","ping_status":"closed","template":"","meta":[],"_links":{"self":[{"href":"http:\/\/nispero.com\/ca\/wp-json\/wp\/v2\/pages\/158"}],"collection":[{"href":"http:\/\/nispero.com\/ca\/wp-json\/wp\/v2\/pages"}],"about":[{"href":"http:\/\/nispero.com\/ca\/wp-json\/wp\/v2\/types\/page"}],"author":[{"embeddable":true,"href":"http:\/\/nispero.com\/ca\/wp-json\/wp\/v2\/users\/1"}],"replies":[{"embeddable":true,"href":"http:\/\/nispero.com\/ca\/wp-json\/wp\/v2\/comments?post=158"}],"version-history":[{"count":36,"href":"http:\/\/nispero.com\/ca\/wp-json\/wp\/v2\/pages\/158\/revisions"}],"predecessor-version":[{"id":835,"href":"http:\/\/nispero.com\/ca\/wp-json\/wp\/v2\/pages\/158\/revisions\/835"}],"wp:attachment":[{"href":"http:\/\/nispero.com\/ca\/wp-json\/wp\/v2\/media?parent=158"}],"curies":[{"name":"wp","href":"https:\/\/api.w.org\/{rel}","templated":true}]}}