{"id":180,"date":"2019-02-18T09:17:25","date_gmt":"2019-02-18T09:17:25","guid":{"rendered":"http:\/\/nispero.com\/?page_id=180"},"modified":"2019-04-02T10:02:40","modified_gmt":"2019-04-02T10:02:40","slug":"autentico-sabor","status":"publish","type":"page","link":"http:\/\/nispero.com\/ca\/autentico-sabor\/","title":{"rendered":"Aut\u00e8ntic sabor"},"content":{"rendered":"<div class=\"vce-row-container\"><div class=\"vce-row vce-element--has-background vce-row--col-gap-30 vce-row-full-height vce-row-equal-height vce-row-columns--middle vce-row-content--top\" id=\"el-f144a3bf\" data-vce-do-apply=\"all el-f144a3bf\" data-vce-full-width=\"true\" style=\"width: 1343.33px; left: -121.667px; min-height: 77.5051vh;\"><div class=\"vce-content-background-container\"><\/div><div class=\"vce-row-content\" data-vce-element-content=\"true\" style=\"padding-left: 121.667px; padding-right: 121.667px;\"><div class=\"vce-col vce-col--md-50p vce-col--xs-1 vce-col--xs-last vce-col--xs-first vce-col--sm-last vce-col--sm-first vce-col--md-first vce-col--lg-first vce-col--xl-first\" id=\"el-518a3624\" data-vce-do-apply=\"background border el-518a3624\"><div class=\"vce-col-inner\" data-vce-element-content=\"true\" data-vce-do-apply=\"padding margin  el-518a3624\"><div class=\"vce-row-container\"><div class=\"vce-row vce-row--col-gap-30 vce-row-columns--top vce-row-content--top\" id=\"el-9ea08eb9\" data-vce-do-apply=\"all el-9ea08eb9\"><div class=\"vce-row-content\" data-vce-element-content=\"true\"><div class=\"vce-col vce-col--md-100p vce-col--xs-1 vce-col--xs-last vce-col--xs-first vce-col--sm-last vce-col--sm-first vce-col--md-last vce-col--lg-last vce-col--xl-last vce-col--md-first vce-col--lg-first vce-col--xl-first\" id=\"el-a8b3a38b\" data-vce-do-apply=\"background border el-a8b3a38b\"><div class=\"vce-col-inner\" data-vce-element-content=\"true\" data-vce-do-apply=\"padding margin  el-a8b3a38b\"><\/div><\/div><\/div><\/div><\/div><div class=\"vce-google-fonts-heading vce-google-fonts-heading--align-left vce-google-fonts-heading--color-b-49-50-55--45--5C00FF--FF7200\"><div class=\"vce-google-fonts-heading-wrapper\"><div class=\"vce-google-fonts-heading--background vce\" id=\"el-20b1c65c\" data-vce-do-apply=\"border background  padding margin el-20b1c65c\"><h1 class=\"vce-google-fonts-heading-inner\" style=\"font-size: 60px; font-family: Montserrat; font-weight: 700;\">AUT\u00c8NTIC SABOR.<\/h1><\/div><\/div><\/div><div class=\"vce-google-fonts-heading vce-google-fonts-heading--align-left vce-google-fonts-heading--color-b-49-50-55--45--5C00FF--FF7200\"><div class=\"vce-google-fonts-heading-wrapper\"><div class=\"vce-google-fonts-heading--background vce\" id=\"el-a01bef62\" data-vce-do-apply=\"border background  padding margin el-a01bef62\"><p class=\"vce-google-fonts-heading-inner\" style=\"font-size: 25px; font-family: Montserrat; font-weight: 400;\">Dol\u00e7os i sucosos! Una aut\u00e8ntica explosi\u00f3 de sabor. Mira que f\u00e0cils s\u00f3n de pelar i assaboreix les nostres nyespros.<\/p><\/div><\/div><\/div><\/div><\/div><div class=\"vce-col vce-col--md-50p vce-col--xs-1 vce-col--xs-last vce-col--xs-first vce-col--sm-last vce-col--sm-first vce-col--md-last vce-col--lg-last vce-col--xl-last\" id=\"el-9b9c81aa\" data-vce-do-apply=\"background border el-9b9c81aa\"><div class=\"vce-col-inner\" data-vce-element-content=\"true\" data-vce-do-apply=\"padding margin  el-9b9c81aa\"><div class=\"vce-single-image-container vce-single-image--align-center\"><div class=\"vce vce-single-image-wrapper\" id=\"el-5ff318b2\" data-vce-do-apply=\"all el-5ff318b2\"><figure><div class=\"vce-single-image-inner\"><img class=\"vce-single-image\" src=\"http:\/\/nispero.com\/wp-content\/uploads\/2018\/03\/pelar_nispero-1.png\" data-img-src=\"http:\/\/nispero.com\/wp-content\/uploads\/2018\/03\/pelar_nispero-1.png\" alt=\"\" title=\"pelar_nispero\"><\/div><\/figure><\/div><\/div><\/div><\/div><\/div><\/div><\/div><div class=\"vce-row-container\" id=\"propiedades\"><div class=\"vce-row vce-row--col-gap-30 vce-row-columns--top vce-row-content--top\" id=\"el-121e0d66\" data-vce-do-apply=\"all el-121e0d66\"><div class=\"vce-content-background-container\"><\/div><div class=\"vce-row-content\" data-vce-element-content=\"true\"><div class=\"vce-col vce-col--md-auto vce-col--xs-1 vce-col--xs-last vce-col--xs-first vce-col--sm-last vce-col--sm-first vce-col--md-last vce-col--lg-last vce-col--xl-last vce-col--md-first vce-col--lg-first vce-col--xl-first\" id=\"el-0fe279b0\" data-vce-do-apply=\"background border el-0fe279b0\"><div class=\"vce-col-inner\" data-vce-element-content=\"true\" data-vce-do-apply=\"padding margin  el-0fe279b0\"><div class=\"vce-google-fonts-heading vce-google-fonts-heading--align-center vce-google-fonts-heading--color-empty--45--5C00FF--FF7200\"><div class=\"vce-google-fonts-heading-wrapper\"><div class=\"vce-google-fonts-heading--background vce\" id=\"el-70877f6b\" data-vce-do-apply=\"border background  padding margin el-70877f6b\"><h2 class=\"vce-google-fonts-heading-inner\" style=\"font-size: 50px; font-family: Montserrat; font-weight: 700;\">EL SEU SABOR<\/h2><\/div><\/div><\/div><\/div><\/div><\/div><\/div><\/div><div class=\"vce-row-container\"><div class=\"vce-row vce-row--col-gap-30 vce-row-columns--top vce-row-content--top\" id=\"el-7cbd1786\" data-vce-do-apply=\"all el-7cbd1786\"><div class=\"vce-content-background-container\"><\/div><div class=\"vce-row-content\" data-vce-element-content=\"true\"><div class=\"vce-col vce-col--md-25p vce-col--xs-1 vce-col--xs-last vce-col--xs-first vce-col--sm-last vce-col--sm-first vce-col--md-first vce-col--lg-first vce-col--xl-first\" id=\"el-d4318a9e\" data-vce-do-apply=\"background border el-d4318a9e\"><div class=\"vce-col-inner\" data-vce-element-content=\"true\" data-vce-do-apply=\"padding margin  el-d4318a9e\"><section class=\"vce-feature vce-feature--alignment--center\"><div class=\"vce vce-feature--wrap-row\" id=\"el-35296e44\" data-vce-do-apply=\"all el-35296e44\"><div class=\"vce-features vce-features--style-filled-circle vce-features--align-center vce-features--size-small vce-icon--style--icon-color-fff vce-icon--style--shape-color-b-255-194-17\"><div id=\"el-c82f6b13\" class=\"vce vce-features-icon-wrapper\" data-vce-do-apply=\"all el-c82f6b13\"><div class=\"vce-features--icon vce-icon\"><svg xmlns=\"https:\/\/www.w3.org\/2000\/svg\" viewbox=\"0 0 769 769\"><path stroke-width=\"25\" d=\"M565.755 696.27h-360l-180-311.77 180-311.77h360l180 311.77z\"><\/path><\/svg><span class=\"vce-icon-container typcn typcn-waves-outline\"><\/span><\/div><\/div><\/div><h3>BAIX EN CALORIES<\/h3><\/div><\/section><\/div><\/div><div class=\"vce-col vce-col--md-25p vce-col--xs-1 vce-col--xs-last vce-col--xs-first vce-col--sm-last vce-col--sm-first\" id=\"el-4edfcc8d\" data-vce-do-apply=\"background border el-4edfcc8d\"><div class=\"vce-col-inner\" data-vce-element-content=\"true\" data-vce-do-apply=\"padding margin  el-4edfcc8d\"><section class=\"vce-feature vce-feature--alignment--center\"><div class=\"vce vce-feature--wrap-row\" id=\"el-7803dd41\" data-vce-do-apply=\"all el-7803dd41\"><div class=\"vce-features vce-features--style-filled-circle vce-features--align-center vce-features--size-small vce-icon--style--icon-color-fff vce-icon--style--shape-color-b-255-194-17\"><div id=\"el-c82f6b13\" class=\"vce vce-features-icon-wrapper\" data-vce-do-apply=\"all el-c82f6b13\"><div class=\"vce-features--icon vce-icon\"><svg xmlns=\"https:\/\/www.w3.org\/2000\/svg\" viewbox=\"0 0 769 769\"><path stroke-width=\"25\" d=\"M565.755 696.27h-360l-180-311.77 180-311.77h360l180 311.77z\"><\/path><\/svg><span class=\"vce-icon-container typcn typcn-heart-full-outline\"><\/span><\/div><\/div><\/div><h3>MOLTS NUTRIENTS ESSENCIALS<\/h3><\/div><\/section><\/div><\/div><div class=\"vce-col vce-col--md-25p vce-col--xs-1 vce-col--xs-last vce-col--xs-first vce-col--sm-last vce-col--sm-first\" id=\"el-97dbbdfb\" data-vce-do-apply=\"background border el-97dbbdfb\"><div class=\"vce-col-inner\" data-vce-element-content=\"true\" data-vce-do-apply=\"padding margin  el-97dbbdfb\"><section class=\"vce-feature vce-feature--alignment--center\"><div class=\"vce vce-feature--wrap-row\" id=\"el-703406f8\" data-vce-do-apply=\"all el-703406f8\"><div class=\"vce-features vce-features--style-filled-circle vce-features--align-center vce-features--size-small vce-icon--style--icon-color-b-255-255-255 vce-icon--style--shape-color-b-255-194-17\"><div id=\"el-c82f6b13\" class=\"vce vce-features-icon-wrapper\" data-vce-do-apply=\"all el-c82f6b13\"><div class=\"vce-features--icon vce-icon\"><svg xmlns=\"https:\/\/www.w3.org\/2000\/svg\" viewbox=\"0 0 769 769\"><path stroke-width=\"25\" d=\"M565.755 696.27h-360l-180-311.77 180-311.77h360l180 311.77z\"><\/path><\/svg><span class=\"vce-icon-container typcn typcn-adjust-brightness\"><\/span><\/div><\/div><\/div><h3>COLOR ATARONJAT<\/h3><\/div><\/section><\/div><\/div><div class=\"vce-col vce-col--md-25p vce-col--xs-1 vce-col--xs-last vce-col--xs-first vce-col--sm-last vce-col--sm-first vce-col--md-last vce-col--lg-last vce-col--xl-last\" id=\"el-07075294\" data-vce-do-apply=\"background border el-07075294\"><div class=\"vce-col-inner\" data-vce-element-content=\"true\" data-vce-do-apply=\"padding margin  el-07075294\"><section class=\"vce-feature vce-feature--alignment--center\"><div class=\"vce vce-feature--wrap-row\" id=\"el-bfec7eef\" data-vce-do-apply=\"all el-bfec7eef\"><div class=\"vce-features vce-features--style-filled-circle vce-features--align-center vce-features--size-small vce-icon--style--icon-color-b-255-255-255 vce-icon--style--shape-color-b-255-194-43\"><div id=\"el-c82f6b13\" class=\"vce vce-features-icon-wrapper\" data-vce-do-apply=\"all el-c82f6b13\"><div class=\"vce-features--icon vce-icon\"><svg xmlns=\"https:\/\/www.w3.org\/2000\/svg\" viewbox=\"0 0 769 769\"><path stroke-width=\"25\" d=\"M565.755 696.27h-360l-180-311.77 180-311.77h360l180 311.77z\"><\/path><\/svg><span class=\"vce-icon-container typcn typcn-thumbs-up\"><\/span><\/div><\/div><\/div><h3>SABOR EX\u00d2TIC<\/h3><\/div><\/section><\/div><\/div><\/div><\/div><\/div><div class=\"vce-row-container\"><div class=\"vce-row vce-row--col-gap-30 vce-row-columns--top vce-row-content--top\" id=\"el-99d2e160\" data-vce-do-apply=\"all el-99d2e160\"><div class=\"vce-content-background-container\"><\/div><div class=\"vce-row-content\" data-vce-element-content=\"true\"><div class=\"vce-col vce-col--md-auto vce-col--xs-1 vce-col--xs-last vce-col--xs-first vce-col--sm-last vce-col--sm-first vce-col--md-last vce-col--lg-last vce-col--xl-last vce-col--md-first vce-col--lg-first vce-col--xl-first\" id=\"el-3fb0947b\" data-vce-do-apply=\"background border el-3fb0947b\"><div class=\"vce-col-inner\" data-vce-element-content=\"true\" data-vce-do-apply=\"padding margin  el-3fb0947b\"><div class=\"vce-google-fonts-heading vce-google-fonts-heading--align-center vce-google-fonts-heading--color-empty--45--5C00FF--FF7200\"><div class=\"vce-google-fonts-heading-wrapper\"><div class=\"vce-google-fonts-heading--background vce\" id=\"el-a0bb1387\" data-vce-do-apply=\"border background  padding margin el-a0bb1387\"><h2 class=\"vce-google-fonts-heading-inner\" style=\"font-size: 50px; font-family: Montserrat; font-weight: 700;\">COM PELAR UN NESPRE<\/h2><\/div><\/div><\/div><\/div><\/div><\/div><\/div><\/div><div class=\"vce-row-container\"><div class=\"vce-row vce-row--col-gap-30 vce-row-columns--top vce-row-content--top\" id=\"el-f9ddaada\" data-vce-do-apply=\"all el-f9ddaada\"><div class=\"vce-row-content\" data-vce-element-content=\"true\"><div class=\"vce-col vce-col--md-100p vce-col--xs-1 vce-col--xs-last vce-col--xs-first vce-col--sm-last vce-col--sm-first vce-col--md-last vce-col--lg-last vce-col--xl-last vce-col--md-first vce-col--lg-first vce-col--xl-first\" id=\"el-ca7194f1\" data-vce-do-apply=\"background border el-ca7194f1\"><div class=\"vce-col-inner\" data-vce-element-content=\"true\" data-vce-do-apply=\"padding margin  el-ca7194f1\"><\/div><\/div><\/div><\/div><\/div><div class=\"vce-row-container\"><div class=\"vce-row vce-row--col-gap-30 vce-row-columns--top vce-row-content--top\" id=\"el-68402a69\" data-vce-do-apply=\"all el-68402a69\"><div class=\"vce-row-content\" data-vce-element-content=\"true\"><div class=\"vce-col vce-col--md-auto vce-col--xs-1 vce-col--xs-last vce-col--xs-first vce-col--sm-last vce-col--sm-first vce-col--md-last vce-col--lg-last vce-col--xl-last vce-col--md-first vce-col--lg-first vce-col--xl-first\" id=\"el-010bca67\" data-vce-do-apply=\"background border el-010bca67\"><div class=\"vce-col-inner\" data-vce-element-content=\"true\" data-vce-do-apply=\"padding margin  el-010bca67\"><div class=\"vce-single-image-container vce-single-image--align-left\"><div class=\"vce vce-single-image-wrapper\" id=\"el-dfd12559\" data-vce-do-apply=\"all el-dfd12559\"><figure><div class=\"vce-single-image-inner\"><img class=\"vce-single-image\" alt=\"\" title=\"\"><\/div><\/figure><\/div><\/div><\/div><\/div><\/div><\/div><\/div><div class=\"vce-row-container\"><div class=\"vce-row vce-row--col-gap-30 vce-row-columns--top vce-row-content--top\" id=\"el-417cae26\" data-vce-do-apply=\"all el-417cae26\"><div class=\"vce-row-content\" data-vce-element-content=\"true\"><div class=\"vce-col vce-col--md-25p vce-col--xs-1 vce-col--xs-last vce-col--xs-first vce-col--sm-last vce-col--sm-first vce-col--md-first vce-col--lg-first vce-col--xl-first\" id=\"el-e7e822ad\" data-vce-do-apply=\"background border el-e7e822ad\"><div class=\"vce-col-inner\" data-vce-element-content=\"true\" data-vce-do-apply=\"padding margin  el-e7e822ad\"><div class=\"vce-single-image-container vce-single-image--align-left\"><div class=\"vce vce-single-image-wrapper\" id=\"el-302bb851\" data-vce-do-apply=\"all el-302bb851\"><figure><div class=\"vce-single-image-inner\"><img class=\"vce-single-image\" src=\"http:\/\/nispero.com\/wp-content\/uploads\/2019\/02\/pelar-nispero-01.png\" alt=\"\" title=\"pelar-nispero-01\" data-img-src=\"http:\/\/nispero.com\/wp-content\/uploads\/2019\/02\/pelar-nispero-01.png\"><\/div><\/figure><\/div><\/div><div class=\"vce-text-block\"><div class=\"vce-text-block-wrapper vce\" id=\"el-fd114744\" data-vce-do-apply=\"all el-fd114744\"><h2>1. AGAFAR PEL MUGR\u00d3<\/h2><\/div><\/div><\/div><\/div><div class=\"vce-col vce-col--md-25p vce-col--xs-1 vce-col--xs-last vce-col--xs-first vce-col--sm-last vce-col--sm-first\" id=\"el-7a6f463d\" data-vce-do-apply=\"background border el-7a6f463d\"><div class=\"vce-col-inner\" data-vce-element-content=\"true\" data-vce-do-apply=\"padding margin  el-7a6f463d\"><div class=\"vce-single-image-container vce-single-image--align-left\"><div class=\"vce vce-single-image-wrapper\" id=\"el-9ef035e0\" data-vce-do-apply=\"all el-9ef035e0\"><figure><div class=\"vce-single-image-inner\"><img class=\"vce-single-image\" src=\"http:\/\/nispero.com\/wp-content\/uploads\/2019\/02\/pelar-nispero-03.png\" data-img-src=\"http:\/\/nispero.com\/wp-content\/uploads\/2019\/02\/pelar-nispero-03.png\" alt=\"\" title=\"pelar-nispero-03\"><\/div><\/figure><\/div><\/div><div class=\"vce-text-block\"><div class=\"vce-text-block-wrapper vce\" id=\"el-0424ed27\" data-vce-do-apply=\"all el-0424ed27\"><h2>2. ESTIRAR AMB CURA<\/h2><\/div><\/div><\/div><\/div><div class=\"vce-col vce-col--md-25p vce-col--xs-1 vce-col--xs-last vce-col--xs-first vce-col--sm-last vce-col--sm-first\" id=\"el-ec5dcb7c\" data-vce-do-apply=\"background border el-ec5dcb7c\"><div class=\"vce-col-inner\" data-vce-element-content=\"true\" data-vce-do-apply=\"padding margin  el-ec5dcb7c\"><div class=\"vce-single-image-container vce-single-image--align-left\"><div class=\"vce vce-single-image-wrapper\" id=\"el-44a822e7\" data-vce-do-apply=\"all el-44a822e7\"><figure><div class=\"vce-single-image-inner\"><img class=\"vce-single-image\" src=\"http:\/\/nispero.com\/wp-content\/uploads\/2019\/02\/pelar-nispero-04.png\" data-img-src=\"http:\/\/nispero.com\/wp-content\/uploads\/2019\/02\/pelar-nispero-04.png\" alt=\"\" title=\"pelar-nispero-04\"><\/div><\/figure><\/div><\/div><div class=\"vce-text-block\"><div class=\"vce-text-block-wrapper vce\" id=\"el-b04003b7\" data-vce-do-apply=\"all el-b04003b7\"><h2>3. PELAR COM UN PL\u00c0TAN<\/h2><\/div><\/div><\/div><\/div><div class=\"vce-col vce-col--md-25p vce-col--xs-1 vce-col--xs-last vce-col--xs-first vce-col--sm-last vce-col--sm-first vce-col--md-last vce-col--lg-last vce-col--xl-last\" id=\"el-4e9e0ff6\" data-vce-do-apply=\"background border el-4e9e0ff6\"><div class=\"vce-col-inner\" data-vce-element-content=\"true\" data-vce-do-apply=\"padding margin  el-4e9e0ff6\"><div class=\"vce-single-image-container vce-single-image--align-left\"><div class=\"vce vce-single-image-wrapper\" id=\"el-d6aa462a\" data-vce-do-apply=\"all el-d6aa462a\"><figure><div class=\"vce-single-image-inner\"><img class=\"vce-single-image\" src=\"http:\/\/nispero.com\/wp-content\/uploads\/2019\/02\/pelar-nispero-05.png\" data-img-src=\"http:\/\/nispero.com\/wp-content\/uploads\/2019\/02\/pelar-nispero-05.png\" alt=\"\" title=\"pelar-nispero-05\"><\/div><\/figure><\/div><\/div><div class=\"vce-text-block\"><div class=\"vce-text-block-wrapper vce\" id=\"el-722200cc\" data-vce-do-apply=\"all el-722200cc\"><h2>4. I... LLEST PER A MENJAR<\/h2><\/div><\/div><\/div><\/div><\/div><\/div><\/div><div class=\"vce-row-container\"><div class=\"vce-row vce-row--col-gap-30 vce-row-columns--top vce-row-content--top\" id=\"el-2c259e1b\" data-vce-do-apply=\"all el-2c259e1b\"><div class=\"vce-row-content\" data-vce-element-content=\"true\"><div class=\"vce-col vce-col--md-100p vce-col--xs-1 vce-col--xs-last vce-col--xs-first vce-col--sm-last vce-col--sm-first vce-col--md-last vce-col--lg-last vce-col--xl-last vce-col--md-first vce-col--lg-first vce-col--xl-first\" id=\"el-ba2bcce3\" data-vce-do-apply=\"background border el-ba2bcce3\"><div class=\"vce-col-inner\" data-vce-element-content=\"true\" data-vce-do-apply=\"padding margin  el-ba2bcce3\"><\/div><\/div><\/div><\/div><\/div>","protected":false},"excerpt":{"rendered":"<p>AUT\u00c9NTICO SABOR.\u00a1Dulces&#8230;<\/p>","protected":false},"author":1,"featured_media":0,"parent":0,"menu_order":0,"comment_status":"closed","ping_status":"closed","template":"","meta":[],"_links":{"self":[{"href":"http:\/\/nispero.com\/ca\/wp-json\/wp\/v2\/pages\/180"}],"collection":[{"href":"http:\/\/nispero.com\/ca\/wp-json\/wp\/v2\/pages"}],"about":[{"href":"http:\/\/nispero.com\/ca\/wp-json\/wp\/v2\/types\/page"}],"author":[{"embeddable":true,"href":"http:\/\/nispero.com\/ca\/wp-json\/wp\/v2\/users\/1"}],"replies":[{"embeddable":true,"href":"http:\/\/nispero.com\/ca\/wp-json\/wp\/v2\/comments?post=180"}],"version-history":[{"count":11,"href":"http:\/\/nispero.com\/ca\/wp-json\/wp\/v2\/pages\/180\/revisions"}],"predecessor-version":[{"id":267,"href":"http:\/\/nispero.com\/ca\/wp-json\/wp\/v2\/pages\/180\/revisions\/267"}],"wp:attachment":[{"href":"http:\/\/nispero.com\/ca\/wp-json\/wp\/v2\/media?parent=180"}],"curies":[{"name":"wp","href":"https:\/\/api.w.org\/{rel}","templated":true}]}}